{"id":131,"date":"2018-07-22T10:36:21","date_gmt":"2018-07-22T08:36:21","guid":{"rendered":"https:\/\/localhost\/?page_id=131"},"modified":"2025-09-10T16:21:30","modified_gmt":"2025-09-10T14:21:30","slug":"kontakte","status":"publish","type":"page","link":"https:\/\/www.rosenheimer-schwimmer.de\/?page_id=131","title":{"rendered":"Kontakt &#8211; Neueinstieg"},"content":{"rendered":"\n<div class=\"wp-block-group\"><div class=\"wp-block-group__inner-container is-layout-constrained wp-block-group-is-layout-constrained\">\n<h3 class=\"wp-block-heading\">Du willst neu bei uns anfangen zu schwimmen?<\/h3>\n\n\n\n<p><strong>Du kannst aber noch nicht schwimmen bzw. hast das Seepferdchen noch nicht geschafft?<\/strong><br>Dann bist du bei unseren <a href=\"http:\/\/www.rosenheimer-schwimmer.de\/?page_id=163\">Schwimmkursen<\/a> genau richtig.<\/p>\n\n\n\n<p><strong>Du kannst bereits mindestens 25m am St\u00fcck schwimmen?<\/strong><br>Damit kannst du gleich ins <a href=\"http:\/\/www.rosenheimer-schwimmer.de\/?page_id=524\">regul\u00e4re Training<\/a> einsteigen.<\/p>\n\n\n\n<p>Um \u00fcber Termine und Anmeldem\u00f6glichkeiten zum Schnuppern informiert zu werden, kannst Du Dich gerne auf unserer Interessenten-Liste registrieren.<\/p>\n\n\n\n<iframe id=\"640b67bb0ecc07389d03c2f4\" class=\"yolawo-widget\" allow=\"payment\" src=\"https:\/\/widgets.yolawo.de\/w\/640b67bb0ecc07389d03c2f4\" data-offset-x=\"50\" scrolling=\"no\" width=\"100%\" height=\"150\" frameborder=\"0\"><\/iframe><script type=\"text\/javascript\" src=\"https:\/\/widgets.yolawo.de\/assets\/script.js\"><\/script>\n\n\n\n<p><strong>Termine und Anmeldem\u00f6glichkeiten f\u00fcr Schnupperstunden \/ Vorschwimmen:<\/strong><\/p>\n\n\n\n<p><mark style=\"background-color:rgba(0, 0, 0, 0)\" class=\"has-inline-color has-vivid-red-color\">Das Vorschwimmen f\u00fcr das Schuljahr 2025\/26 hat bereits stattgefunden. Es k\u00f6nnen aktuell keine weiteren Kinder aufgenommen werden.<\/mark><\/p>\n\n\n\n<iframe id=\"671bb5c2c3cb9d4762656673\" width=\"100%\" height=\"150\" class=\"yolawo-widget\" allow=\"payment\" src=\"https:\/\/widgets.yolawo.de\/w\/671bb5c2c3cb9d4762656673\" frameborder=\"0\" data-offset-x=\"50\" scrolling=\"no\"><\/iframe><script type=\"text\/javascript\" src=\"https:\/\/widgets.yolawo.de\/assets\/script.js\"><\/script>\n<\/div><\/div>\n\n\n\n<p><\/p>\n\n\n\n<p><\/p>\n\n\n\n<p><strong>Du trainierst bereits in einem anderen Verein, <strong>bist bereits Wettk\u00e4mpfe geschwommen<\/strong><\/strong> <strong>und<\/strong> <strong>m\u00f6chtest nun zu uns wechseln?<\/strong> <strong>Du bist bereits \u00fcber 18 Jahre, beherrschst bereits mehrere Schwimmlagen und m\u00f6chtest bei den Masters trainieren?<\/strong><\/p>\n\n\n\n<p>Dann melde dich bitte per E-Mail bei <a href=\"mailto:training@rosenheimer-schwimmer.de\">Veronika Lengauer<\/a>, damit sie das richtige Training f\u00fcr dich findet.<\/p>\n\n\n\n<p>Alle anderen d\u00fcrfen sich gerne auf unserer Interessentenliste registrieren, um \u00fcber m\u00f6gliche Vorschwimmtermine informiert zu werden.<\/p>\n","protected":false},"excerpt":{"rendered":"<p>Du willst neu bei uns anfangen zu schwimmen? Du kannst aber noch nicht schwimmen bzw. hast das Seepferdchen noch nicht geschafft?Dann bist du bei unseren Schwimmkursen genau richtig. Du kannst bereits mindestens 25m am St\u00fcck schwimmen?Damit kannst du gleich ins regul\u00e4re Training einsteigen. Um \u00fcber Termine und Anmeldem\u00f6glichkeiten zum Schnuppern informiert zu werden, kannst Du [&hellip;]<\/p>\n","protected":false},"author":1,"featured_media":0,"parent":0,"menu_order":0,"comment_status":"closed","ping_status":"closed","template":"","meta":{"ngg_post_thumbnail":0,"ocean_post_layout":"","ocean_both_sidebars_style":"","ocean_both_sidebars_content_width":0,"ocean_both_sidebars_sidebars_width":0,"ocean_sidebar":"0","ocean_second_sidebar":"0","ocean_disable_margins":"enable","ocean_add_body_class":"","ocean_shortcode_before_top_bar":"","ocean_shortcode_after_top_bar":"","ocean_shortcode_before_header":"","ocean_shortcode_after_header":"","ocean_has_shortcode":"","ocean_shortcode_after_title":"","ocean_shortcode_before_footer_widgets":"","ocean_shortcode_after_footer_widgets":"","ocean_shortcode_before_footer_bottom":"","ocean_shortcode_after_footer_bottom":"","ocean_display_top_bar":"default","ocean_display_header":"default","ocean_header_style":"","ocean_center_header_left_menu":"0","ocean_custom_header_template":"0","ocean_custom_logo":0,"ocean_custom_retina_logo":0,"ocean_custom_logo_max_width":0,"ocean_custom_logo_tablet_max_width":0,"ocean_custom_logo_mobile_max_width":0,"ocean_custom_logo_max_height":0,"ocean_custom_logo_tablet_max_height":0,"ocean_custom_logo_mobile_max_height":0,"ocean_header_custom_menu":"0","ocean_menu_typo_font_family":"0","ocean_menu_typo_font_subset":"","ocean_menu_typo_font_size":0,"ocean_menu_typo_font_size_tablet":0,"ocean_menu_typo_font_size_mobile":0,"ocean_menu_typo_font_size_unit":"px","ocean_menu_typo_font_weight":"","ocean_menu_typo_font_weight_tablet":"","ocean_menu_typo_font_weight_mobile":"","ocean_menu_typo_transform":"","ocean_menu_typo_transform_tablet":"","ocean_menu_typo_transform_mobile":"","ocean_menu_typo_line_height":0,"ocean_menu_typo_line_height_tablet":0,"ocean_menu_typo_line_height_mobile":0,"ocean_menu_typo_line_height_unit":"","ocean_menu_typo_spacing":0,"ocean_menu_typo_spacing_tablet":0,"ocean_menu_typo_spacing_mobile":0,"ocean_menu_typo_spacing_unit":"","ocean_menu_link_color":"","ocean_menu_link_color_hover":"","ocean_menu_link_color_active":"","ocean_menu_link_background":"","ocean_menu_link_hover_background":"","ocean_menu_link_active_background":"","ocean_menu_social_links_bg":"","ocean_menu_social_hover_links_bg":"","ocean_menu_social_links_color":"","ocean_menu_social_hover_links_color":"","ocean_disable_title":"default","ocean_disable_heading":"default","ocean_post_title":"","ocean_post_subheading":"","ocean_post_title_style":"","ocean_post_title_background_color":"","ocean_post_title_background":0,"ocean_post_title_bg_image_position":"","ocean_post_title_bg_image_attachment":"","ocean_post_title_bg_image_repeat":"","ocean_post_title_bg_image_size":"","ocean_post_title_height":0,"ocean_post_title_bg_overlay":0.5,"ocean_post_title_bg_overlay_color":"","ocean_disable_breadcrumbs":"default","ocean_breadcrumbs_color":"","ocean_breadcrumbs_separator_color":"","ocean_breadcrumbs_links_color":"","ocean_breadcrumbs_links_hover_color":"","ocean_display_footer_widgets":"default","ocean_display_footer_bottom":"default","ocean_custom_footer_template":"0","footnotes":""},"_links":{"self":[{"href":"https:\/\/www.rosenheimer-schwimmer.de\/index.php?rest_route=\/wp\/v2\/pages\/131"}],"collection":[{"href":"https:\/\/www.rosenheimer-schwimmer.de\/index.php?rest_route=\/wp\/v2\/pages"}],"about":[{"href":"https:\/\/www.rosenheimer-schwimmer.de\/index.php?rest_route=\/wp\/v2\/types\/page"}],"author":[{"embeddable":true,"href":"https:\/\/www.rosenheimer-schwimmer.de\/index.php?rest_route=\/wp\/v2\/users\/1"}],"replies":[{"embeddable":true,"href":"https:\/\/www.rosenheimer-schwimmer.de\/index.php?rest_route=%2Fwp%2Fv2%2Fcomments&post=131"}],"version-history":[{"count":71,"href":"https:\/\/www.rosenheimer-schwimmer.de\/index.php?rest_route=\/wp\/v2\/pages\/131\/revisions"}],"predecessor-version":[{"id":3757,"href":"https:\/\/www.rosenheimer-schwimmer.de\/index.php?rest_route=\/wp\/v2\/pages\/131\/revisions\/3757"}],"wp:attachment":[{"href":"https:\/\/www.rosenheimer-schwimmer.de\/index.php?rest_route=%2Fwp%2Fv2%2Fmedia&parent=131"}],"curies":[{"name":"wp","href":"https:\/\/api.w.org\/{rel}","templated":true}]}}