{"id":163,"date":"2018-07-22T12:55:44","date_gmt":"2018-07-22T10:55:44","guid":{"rendered":"https:\/\/localhost\/?page_id=163"},"modified":"2025-02-15T13:33:03","modified_gmt":"2025-02-15T12:33:03","slug":"schwimmkurse","status":"publish","type":"page","link":"https:\/\/www.rosenheimer-schwimmer.de\/?page_id=163","title":{"rendered":"Schwimmkurse"},"content":{"rendered":"<\/p>\n\n\n<\/p>\n<p><strong>f\u00fcr das Seepferdchen-Abzeichen<\/strong><\/p>\n<p>\n\n\n<\/p>\n\n\n<\/p>\n<p>\n\n\n<\/p>\n\n\n<\/p>\n<p>\n\n\n\n<p><\/p>\n\n\n<p>&nbsp;<\/p>\n<p><img fetchpriority=\"high\" decoding=\"async\" src=\"http:\/\/www.rosenheimer-schwimmer.de\/wp-content\/uploads\/2018\/08\/flyer_vorne.png\" alt=\"\" width=\"939\" height=\"473\"><\/p>\n<p>&nbsp;<\/p>\n<h3>Zielgruppe<\/h3>\n<p>Unsere <strong>Nichtschwimmerkurse<\/strong> sind f\u00fcr Kinder ab 5 Jahren geeignet, um das Schwimmabzeichen &#8222;Seepferdchen&#8220; zu erlangen. F\u00fcr Erwachsene bieten wir leider keine Schwimmkurse an.<\/p>\n<p>&nbsp;<\/p>\n<h3>Aktuelle Trainingszeiten<\/h3>\n<h5>In dieser Saison bieten wir nur Intensivkurse in den Ferien an.<\/h5>\n<h5>Die Termine werden je Ferien-Kurs separat eingestellt. Einfach hier immer wieder vorbeischauen, ob neue Termine da sind!<strong><br \/><\/strong><\/h5>\n<p><!--<\/p>\n\n\n\n\n\n\n\n\n\n\n\n\n\n\n\n\n\n\n\n\n<p>Dienstag 17:00 - 18:00 Uhr<br \/>Donnerstag 17:00 - 17:45 Uhr<br \/>im Lehrschwimmbecken der Grundschule Westerndorf St. Peter (R\u00f6merstra\u00dfe 2 - 3, 83022 Rosenheim)<\/p>\n\n\n\n\n\n\n\n\n\n\n\n\n\n\n\n\n\n\n\n\n<p>--><\/p>\n<p>&nbsp;<\/p>\n<h3>Kursteam<\/h3>\n<ul>\n<li>Maria Stolba<\/li>\n<li>Christian Otterbein<\/li>\n<\/ul>\n<p>&nbsp;<\/p>\n<h3>Anmeldung<\/h3>\n\n\n<iframe id=\"67b07b909e581f04b7f6ef9c\" width=\"100%\" height=\"150\" class=\"yolawo-widget\" allow=\"payment\" src=\"https:\/\/widgets.yolawo.de\/w\/67b07b909e581f04b7f6ef9c\" frameborder=\"0\" data-offset-x=\"50\" scrolling=\"no\"><\/iframe><script type=\"text\/javascript\" src=\"https:\/\/widgets.yolawo.de\/assets\/script.js\"><\/script>\n","protected":false},"excerpt":{"rendered":"<p>f\u00fcr das Seepferdchen-Abzeichen &nbsp; &nbsp; Zielgruppe Unsere Nichtschwimmerkurse sind f\u00fcr Kinder ab 5 Jahren geeignet, um das Schwimmabzeichen &#8222;Seepferdchen&#8220; zu erlangen. F\u00fcr Erwachsene bieten wir leider keine Schwimmkurse an. &nbsp; Aktuelle Trainingszeiten In dieser Saison bieten wir nur Intensivkurse in den Ferien an. Die Termine werden je Ferien-Kurs separat eingestellt. Einfach hier immer wieder vorbeischauen, [&hellip;]<\/p>\n","protected":false},"author":1,"featured_media":0,"parent":0,"menu_order":0,"comment_status":"closed","ping_status":"closed","template":"","meta":{"ngg_post_thumbnail":0,"ocean_post_layout":"","ocean_both_sidebars_style":"","ocean_both_sidebars_content_width":0,"ocean_both_sidebars_sidebars_width":0,"ocean_sidebar":"0","ocean_second_sidebar":"0","ocean_disable_margins":"enable","ocean_add_body_class":"","ocean_shortcode_before_top_bar":"","ocean_shortcode_after_top_bar":"","ocean_shortcode_before_header":"","ocean_shortcode_after_header":"","ocean_has_shortcode":"","ocean_shortcode_after_title":"","ocean_shortcode_before_footer_widgets":"","ocean_shortcode_after_footer_widgets":"","ocean_shortcode_before_footer_bottom":"","ocean_shortcode_after_footer_bottom":"","ocean_display_top_bar":"default","ocean_display_header":"default","ocean_header_style":"","ocean_center_header_left_menu":"0","ocean_custom_header_template":"0","ocean_custom_logo":0,"ocean_custom_retina_logo":0,"ocean_custom_logo_max_width":0,"ocean_custom_logo_tablet_max_width":0,"ocean_custom_logo_mobile_max_width":0,"ocean_custom_logo_max_height":0,"ocean_custom_logo_tablet_max_height":0,"ocean_custom_logo_mobile_max_height":0,"ocean_header_custom_menu":"0","ocean_menu_typo_font_family":"0","ocean_menu_typo_font_subset":"","ocean_menu_typo_font_size":0,"ocean_menu_typo_font_size_tablet":0,"ocean_menu_typo_font_size_mobile":0,"ocean_menu_typo_font_size_unit":"px","ocean_menu_typo_font_weight":"","ocean_menu_typo_font_weight_tablet":"","ocean_menu_typo_font_weight_mobile":"","ocean_menu_typo_transform":"","ocean_menu_typo_transform_tablet":"","ocean_menu_typo_transform_mobile":"","ocean_menu_typo_line_height":0,"ocean_menu_typo_line_height_tablet":0,"ocean_menu_typo_line_height_mobile":0,"ocean_menu_typo_line_height_unit":"","ocean_menu_typo_spacing":0,"ocean_menu_typo_spacing_tablet":0,"ocean_menu_typo_spacing_mobile":0,"ocean_menu_typo_spacing_unit":"","ocean_menu_link_color":"","ocean_menu_link_color_hover":"","ocean_menu_link_color_active":"","ocean_menu_link_background":"","ocean_menu_link_hover_background":"","ocean_menu_link_active_background":"","ocean_menu_social_links_bg":"","ocean_menu_social_hover_links_bg":"","ocean_menu_social_links_color":"","ocean_menu_social_hover_links_color":"","ocean_disable_title":"default","ocean_disable_heading":"default","ocean_post_title":"","ocean_post_subheading":"","ocean_post_title_style":"","ocean_post_title_background_color":"","ocean_post_title_background":0,"ocean_post_title_bg_image_position":"","ocean_post_title_bg_image_attachment":"","ocean_post_title_bg_image_repeat":"","ocean_post_title_bg_image_size":"","ocean_post_title_height":0,"ocean_post_title_bg_overlay":0.5,"ocean_post_title_bg_overlay_color":"","ocean_disable_breadcrumbs":"default","ocean_breadcrumbs_color":"","ocean_breadcrumbs_separator_color":"","ocean_breadcrumbs_links_color":"","ocean_breadcrumbs_links_hover_color":"","ocean_display_footer_widgets":"default","ocean_display_footer_bottom":"default","ocean_custom_footer_template":"0","footnotes":""},"_links":{"self":[{"href":"https:\/\/www.rosenheimer-schwimmer.de\/index.php?rest_route=\/wp\/v2\/pages\/163"}],"collection":[{"href":"https:\/\/www.rosenheimer-schwimmer.de\/index.php?rest_route=\/wp\/v2\/pages"}],"about":[{"href":"https:\/\/www.rosenheimer-schwimmer.de\/index.php?rest_route=\/wp\/v2\/types\/page"}],"author":[{"embeddable":true,"href":"https:\/\/www.rosenheimer-schwimmer.de\/index.php?rest_route=\/wp\/v2\/users\/1"}],"replies":[{"embeddable":true,"href":"https:\/\/www.rosenheimer-schwimmer.de\/index.php?rest_route=%2Fwp%2Fv2%2Fcomments&post=163"}],"version-history":[{"count":70,"href":"https:\/\/www.rosenheimer-schwimmer.de\/index.php?rest_route=\/wp\/v2\/pages\/163\/revisions"}],"predecessor-version":[{"id":3395,"href":"https:\/\/www.rosenheimer-schwimmer.de\/index.php?rest_route=\/wp\/v2\/pages\/163\/revisions\/3395"}],"wp:attachment":[{"href":"https:\/\/www.rosenheimer-schwimmer.de\/index.php?rest_route=%2Fwp%2Fv2%2Fmedia&parent=163"}],"curies":[{"name":"wp","href":"https:\/\/api.w.org\/{rel}","templated":true}]}}