{"id":5,"date":"2018-07-22T12:50:49","date_gmt":"2018-07-22T10:50:49","guid":{"rendered":"https:\/\/localhost\/?page_id=5"},"modified":"2018-07-23T22:19:11","modified_gmt":"2018-07-23T20:19:11","slug":"impressum","status":"publish","type":"page","link":"https:\/\/www.rosenheimer-schwimmer.de\/?page_id=5","title":{"rendered":"Impressum"},"content":{"rendered":"<h2><b>Angaben gem. \u00a7 5 TMG<\/b><\/h2>\n<p>TSV 1860 Rosenheim e.V.<br \/>\nJahnstra\u00dfe 25<br \/>\n83022 Rosenheim<\/p>\n<p>vertreten durch<\/p>\n<p>Vorstand: <a href=\"mailto:borrmann@hbro.de\">Herbert Borrmann<\/a><\/p>\n<p>Vereinsregister:<br \/>\nAmtsgericht Traunstein &#8211; Registergericht &#8211;<br \/>\nNummer: VR 40159 Inhalt und Design:<br \/>\nAbteilung Schwimmen<br \/>\nAbteilungsleiter: <a href=\"abteilungsleiter@rosenheimer-schwimmer.de\">Dominik Nowotny<\/a><\/p>\n<h1>Haftungsausschluss<\/h1>\n<h2>Haftung f\u00fcr Inhalte<\/h2>\n<p>Die Informationen und Inhalte unserer Seiten wurden sorgf\u00e4ltig gepr\u00fcft und werden in regelm\u00e4\u00dfigen Abst\u00e4nden aktualisiert. Wir k\u00f6nnen aber keine Haftung oder Garantie daf\u00fcr \u00fcbernehmen, dass alle Angaben zu jedem Zeitpunkt vollst\u00e4ndig, richtig und in letzter Aktualit\u00e4t dargestellt sind. Haftungsanspr\u00fcche wegen materieller oder immaterieller Sch\u00e4den aufgrund der Nutzung fehlerhafter oder unvollst\u00e4ndiger Informationen, sind auf vors\u00e4tzliches oder grob fahrl\u00e4ssiges Handeln beschr\u00e4nkt. Wir behalten uns vor, unsere Webseiten ohne Ank\u00fcndigung ganz oder teilweise zu ver\u00e4ndern, zu erg\u00e4nzen oder zu l\u00f6schen.<\/p>\n<h2>Haftung f\u00fcr Links<\/h2>\n<p>Unsere Seiten enthalten Verweise zu Webseiten Dritter (Links). Wir, die Abteilung Schwimmen des TSV 1860 Rosenheim, erkl\u00e4ren in aller Form, dass wir keinen Einfluss auf den Inhalt und die Gestaltung dieser Seiten haben. Aus diesem Grund k\u00f6nnen wir f\u00fcr die Inhalte dieser Seiten keinerlei Haftung \u00fcbernehmen. Verantwortlich f\u00fcr den Inhalt dieser Seiten sind lediglich deren Betreiber &#8211; wir machen uns die Inhalte dieser Seiten nicht zu eigen. Zum Zeitpunkt der Linksetzung haben wir den Inhalt dieser Seiten \u00fcberpr\u00fcft und keine Rechtsverst\u00f6\u00dfe festgestellt; illegale Inhalte waren nicht erkennbar. Eine ununterbrochene \u00dcberpr\u00fcfung der verlinkten Seiten, ohne hinreichende Anhaltspunkte einer Rechtsverletzung, ist nicht zumutbar.<\/p>\n<h2>Urheberrecht<\/h2>\n<p>Die Inhalte unserer Webseiten unterliegen dem deutschen Urheberrecht. Kopien dieser Seiten d\u00fcrfen ausschlie\u00dflich f\u00fcr den privaten, nicht aber f\u00fcr den kommerziellen Gebrauch verwendet werden. Jegliche Art der Verwendung au\u00dferhalb der urheberrechtlichen Grenzen bedarf der schriftlichen Zustimmung des jeweiligen Erstellers. Soweit diese Seiten Beitr\u00e4ge Dritter enthalten, sind diese als solche gekennzeichnet.<\/p>\n<h2>Haftungsausschluss des Hautpvereins<\/h2>\n<p>Der <a href=\"http:\/\/www.tsv1860-ro.de\/index.php?section=Impressum\" target=\"new\">Haftungsausschluss<\/a> unseres Hauptvereins gilt in gleicher Weise auch f\u00fcr unsere Abteilung.<\/p>\n<h2>Geltung dieses Haftungsausschlusses<\/h2>\n<p>Dieser Haftungsausschluss ist als Teil unseres Internetangebots zu sehen. Sollten Teile dieses Textes nicht, nicht mehr oder nicht vollst\u00e4ndig der positiven Rechtslage entsprechen, so bleiben die \u00fcbrigen Textteile davon unber\u00fchrt.<\/p>\n","protected":false},"excerpt":{"rendered":"<p>Angaben gem. \u00a7 5 TMG TSV 1860 Rosenheim e.V. Jahnstra\u00dfe 25 83022 Rosenheim vertreten durch Vorstand: Herbert Borrmann Vereinsregister: Amtsgericht Traunstein &#8211; Registergericht &#8211; Nummer: VR 40159 Inhalt und Design: Abteilung Schwimmen Abteilungsleiter: Dominik Nowotny Haftungsausschluss Haftung f\u00fcr Inhalte Die Informationen und Inhalte unserer Seiten wurden sorgf\u00e4ltig gepr\u00fcft und werden in regelm\u00e4\u00dfigen Abst\u00e4nden aktualisiert. Wir [&hellip;]<\/p>\n","protected":false},"author":1,"featured_media":0,"parent":0,"menu_order":0,"comment_status":"closed","ping_status":"closed","template":"","meta":{"ngg_post_thumbnail":0,"ocean_post_layout":"full-width","ocean_both_sidebars_style":"","ocean_both_sidebars_content_width":0,"ocean_both_sidebars_sidebars_width":0,"ocean_sidebar":"0","ocean_second_sidebar":"0","ocean_disable_margins":"enable","ocean_add_body_class":"","ocean_shortcode_before_top_bar":"","ocean_shortcode_after_top_bar":"","ocean_shortcode_before_header":"","ocean_shortcode_after_header":"","ocean_has_shortcode":"","ocean_shortcode_after_title":"","ocean_shortcode_before_footer_widgets":"","ocean_shortcode_after_footer_widgets":"","ocean_shortcode_before_footer_bottom":"","ocean_shortcode_after_footer_bottom":"","ocean_display_top_bar":"default","ocean_display_header":"default","ocean_header_style":"minimal","ocean_center_header_left_menu":"0","ocean_custom_header_template":"0","ocean_custom_logo":0,"ocean_custom_retina_logo":0,"ocean_custom_logo_max_width":0,"ocean_custom_logo_tablet_max_width":0,"ocean_custom_logo_mobile_max_width":0,"ocean_custom_logo_max_height":0,"ocean_custom_logo_tablet_max_height":0,"ocean_custom_logo_mobile_max_height":0,"ocean_header_custom_menu":"0","ocean_menu_typo_font_family":"0","ocean_menu_typo_font_subset":"","ocean_menu_typo_font_size":0,"ocean_menu_typo_font_size_tablet":0,"ocean_menu_typo_font_size_mobile":0,"ocean_menu_typo_font_size_unit":"px","ocean_menu_typo_font_weight":"","ocean_menu_typo_font_weight_tablet":"","ocean_menu_typo_font_weight_mobile":"","ocean_menu_typo_transform":"","ocean_menu_typo_transform_tablet":"","ocean_menu_typo_transform_mobile":"","ocean_menu_typo_line_height":0,"ocean_menu_typo_line_height_tablet":0,"ocean_menu_typo_line_height_mobile":0,"ocean_menu_typo_line_height_unit":"","ocean_menu_typo_spacing":0,"ocean_menu_typo_spacing_tablet":0,"ocean_menu_typo_spacing_mobile":0,"ocean_menu_typo_spacing_unit":"","ocean_menu_link_color":"","ocean_menu_link_color_hover":"","ocean_menu_link_color_active":"","ocean_menu_link_background":"","ocean_menu_link_hover_background":"","ocean_menu_link_active_background":"","ocean_menu_social_links_bg":"","ocean_menu_social_hover_links_bg":"","ocean_menu_social_links_color":"","ocean_menu_social_hover_links_color":"","ocean_disable_title":"enable","ocean_disable_heading":"default","ocean_post_title":"","ocean_post_subheading":"","ocean_post_title_style":"","ocean_post_title_background_color":"","ocean_post_title_background":0,"ocean_post_title_bg_image_position":"","ocean_post_title_bg_image_attachment":"","ocean_post_title_bg_image_repeat":"","ocean_post_title_bg_image_size":"","ocean_post_title_height":0,"ocean_post_title_bg_overlay":0.5,"ocean_post_title_bg_overlay_color":"","ocean_disable_breadcrumbs":"default","ocean_breadcrumbs_color":"","ocean_breadcrumbs_separator_color":"","ocean_breadcrumbs_links_color":"","ocean_breadcrumbs_links_hover_color":"","ocean_display_footer_widgets":"default","ocean_display_footer_bottom":"default","ocean_custom_footer_template":"","footnotes":""},"_links":{"self":[{"href":"https:\/\/www.rosenheimer-schwimmer.de\/index.php?rest_route=\/wp\/v2\/pages\/5"}],"collection":[{"href":"https:\/\/www.rosenheimer-schwimmer.de\/index.php?rest_route=\/wp\/v2\/pages"}],"about":[{"href":"https:\/\/www.rosenheimer-schwimmer.de\/index.php?rest_route=\/wp\/v2\/types\/page"}],"author":[{"embeddable":true,"href":"https:\/\/www.rosenheimer-schwimmer.de\/index.php?rest_route=\/wp\/v2\/users\/1"}],"replies":[{"embeddable":true,"href":"https:\/\/www.rosenheimer-schwimmer.de\/index.php?rest_route=%2Fwp%2Fv2%2Fcomments&post=5"}],"version-history":[{"count":10,"href":"https:\/\/www.rosenheimer-schwimmer.de\/index.php?rest_route=\/wp\/v2\/pages\/5\/revisions"}],"predecessor-version":[{"id":347,"href":"https:\/\/www.rosenheimer-schwimmer.de\/index.php?rest_route=\/wp\/v2\/pages\/5\/revisions\/347"}],"wp:attachment":[{"href":"https:\/\/www.rosenheimer-schwimmer.de\/index.php?rest_route=%2Fwp%2Fv2%2Fmedia&parent=5"}],"curies":[{"name":"wp","href":"https:\/\/api.w.org\/{rel}","templated":true}]}}