{"id":524,"date":"2018-10-21T19:21:57","date_gmt":"2018-10-21T17:21:57","guid":{"rendered":"http:\/\/www.rosenheimer-schwimmer.de\/v2\/?page_id=524"},"modified":"2018-10-22T23:12:47","modified_gmt":"2018-10-22T21:12:47","slug":"trainer","status":"publish","type":"page","link":"https:\/\/www.rosenheimer-schwimmer.de\/?page_id=524","title":{"rendered":"Trainingsgruppen"},"content":{"rendered":"<p>Wir bieten f\u00fcr unsere Mitglieder vielf\u00e4ltige Trainingsm\u00f6glichkeiten. Diese reichen vom Anf\u00e4ngerbereich, \u00fcber den Breitensport bis zum Leistungssport.<\/p>\n\n<table id=\"tablepress-TRAININGSGRUPPEN\" class=\"tablepress tablepress-id-TRAININGSGRUPPEN\">\n<thead>\n<tr class=\"row-1\">\n\t<th class=\"column-1\">Gruppe<\/th><th class=\"column-2\">Beschreibung<\/th><th class=\"column-3\">Trainer \/ Trainerin<\/th><td class=\"column-4\"><\/td>\n<\/tr>\n<\/thead>\n<tbody class=\"row-striping row-hover\">\n<tr class=\"row-2\">\n\t<td class=\"column-1\">LG 1<\/td><td class=\"column-2\">1. Leistungsgruppe<br \/>\nLeistungstraining f\u00fcr bundesweite Wettk\u00e4mpfe (Deutsche, S\u00fcddeutsche und Bayerische Meisterschaften)<\/td><td class=\"column-3\">Dani<\/td><td class=\"column-4\"><img decoding=\"async\" src=\"http:\/\/www.rosenheimer-schwimmer.de\/wp-content\/uploads\/2018\/07\/daniela_aschenbrenner.png\" alt=\"\" width=\"100\" height=\"100\" class=\"alignnone size-full wp-image-216\" srcset=\"https:\/\/www.rosenheimer-schwimmer.de\/wp-content\/uploads\/2018\/07\/daniela_aschenbrenner.png 400w, https:\/\/www.rosenheimer-schwimmer.de\/wp-content\/uploads\/2018\/07\/daniela_aschenbrenner-150x150.png 150w, https:\/\/www.rosenheimer-schwimmer.de\/wp-content\/uploads\/2018\/07\/daniela_aschenbrenner-300x300.png 300w\" sizes=\"(max-width: 100px) 100vw, 100px\" \/><\/td>\n<\/tr>\n<tr class=\"row-3\">\n\t<td class=\"column-1\">LG 2<\/td><td class=\"column-2\">2. Leistungsgruppe<br \/>\nLeistungstraining f\u00fcr landesweite Wettk\u00e4mpfe (Oberbayerische Meisterschaften)<\/td><td class=\"column-3\">Claudia, Tine<\/td><td class=\"column-4\"><img decoding=\"async\" src=\"http:\/\/www.rosenheimer-schwimmer.de\/wp-content\/uploads\/2018\/07\/claudia_berger.png\" alt=\"\" width=\"100\" height=\"100\" class=\"alignnone size-full wp-image-778\" \/><\/td>\n<\/tr>\n<tr class=\"row-4\">\n\t<td class=\"column-1\">Nachwuchs 3<\/td><td class=\"column-2\">Technik-Training f\u00fcr regionale Wettk\u00e4mpfe (Kreismeisterschaften, Stadtmeisterschaften)<\/td><td class=\"column-3\">Sven<\/td><td class=\"column-4\"><img decoding=\"async\" src=\"http:\/\/www.rosenheimer-schwimmer.de\/wp-content\/uploads\/2019\/02\/sven_bacher.png\" alt=\"\" width=\"100\" height=\"100\" class=\"alignnone size-full wp-image-781\" \/><\/td>\n<\/tr>\n<tr class=\"row-5\">\n\t<td class=\"column-1\">Nachwuchs 2<\/td><td class=\"column-2\">Technik-Training f\u00fcr Kreismeisterschaften, Stadtmeisterschaften und kindgerechte Wettk\u00e4mpfe<\/td><td class=\"column-3\">Veronika, Isabelle<\/td><td class=\"column-4\"><img loading=\"lazy\" decoding=\"async\" src=\"http:\/\/www.rosenheimer-schwimmer.de\/wp-content\/uploads\/2024\/12\/veronika.png\" alt=\"\" width=\"100\" height=\"100\" class=\"alignnone size-full wp-image-778\" \/><br \/>\n<\/td>\n<\/tr>\n<tr class=\"row-6\">\n\t<td class=\"column-1\">Nachwuchs 1<\/td><td class=\"column-2\">Technik-Training (ab 5 Jahren) f\u00fcr Stadtmeisterschaften und kindgerechte Wettk\u00e4mpfe<\/td><td class=\"column-3\">Veronika, Isabelle<\/td><td class=\"column-4\"><img loading=\"lazy\" decoding=\"async\" src=\"http:\/\/www.rosenheimer-schwimmer.de\/wp-content\/uploads\/2024\/12\/veronika.png\" alt=\"\" width=\"100\" height=\"100\" class=\"alignnone size-full wp-image-778\" \/><br \/>\n<\/td>\n<\/tr>\n<tr class=\"row-7\">\n\t<td class=\"column-1\">Breitensport<\/td><td class=\"column-2\">Technik-Training f\u00fcr Einsteiger (ab 9 Jahren) und  Fortgeschrittene<\/td><td class=\"column-3\">Melanie<\/td><td class=\"column-4\"><\/td>\n<\/tr>\n<tr class=\"row-8\">\n\t<td class=\"column-1\">Masters<\/td><td class=\"column-2\">ab 18 Jahren<\/td><td class=\"column-3\">Sven<\/td><td class=\"column-4\"><img decoding=\"async\" src=\"http:\/\/www.rosenheimer-schwimmer.de\/wp-content\/uploads\/2019\/02\/sven_bacher.png\" alt=\"\" width=\"100\" height=\"100\" class=\"alignnone size-full wp-image-781\" \/><\/td>\n<\/tr>\n<tr class=\"row-9\">\n\t<td class=\"column-1\"><\/td><td class=\"column-2\"><\/td><td class=\"column-3\"><\/td><td class=\"column-4\"><\/td>\n<\/tr>\n<\/tbody>\n<\/table>\n<!-- #tablepress-TRAININGSGRUPPEN from cache -->\n","protected":false},"excerpt":{"rendered":"<p>Wir bieten f\u00fcr unsere Mitglieder vielf\u00e4ltige Trainingsm\u00f6glichkeiten. Diese reichen vom Anf\u00e4ngerbereich, \u00fcber den Breitensport bis zum Leistungssport.<\/p>\n","protected":false},"author":1,"featured_media":0,"parent":0,"menu_order":0,"comment_status":"closed","ping_status":"closed","template":"","meta":{"ngg_post_thumbnail":0,"ocean_post_layout":"","ocean_both_sidebars_style":"","ocean_both_sidebars_content_width":0,"ocean_both_sidebars_sidebars_width":0,"ocean_sidebar":"sidebar","ocean_second_sidebar":"0","ocean_disable_margins":"enable","ocean_add_body_class":"","ocean_shortcode_before_top_bar":"","ocean_shortcode_after_top_bar":"","ocean_shortcode_before_header":"","ocean_shortcode_after_header":"","ocean_has_shortcode":"","ocean_shortcode_after_title":"","ocean_shortcode_before_footer_widgets":"","ocean_shortcode_after_footer_widgets":"","ocean_shortcode_before_footer_bottom":"","ocean_shortcode_after_footer_bottom":"","ocean_display_top_bar":"default","ocean_display_header":"default","ocean_header_style":"","ocean_center_header_left_menu":"0","ocean_custom_header_template":"0","ocean_custom_logo":0,"ocean_custom_retina_logo":0,"ocean_custom_logo_max_width":0,"ocean_custom_logo_tablet_max_width":0,"ocean_custom_logo_mobile_max_width":0,"ocean_custom_logo_max_height":0,"ocean_custom_logo_tablet_max_height":0,"ocean_custom_logo_mobile_max_height":0,"ocean_header_custom_menu":"0","ocean_menu_typo_font_family":"0","ocean_menu_typo_font_subset":"","ocean_menu_typo_font_size":0,"ocean_menu_typo_font_size_tablet":0,"ocean_menu_typo_font_size_mobile":0,"ocean_menu_typo_font_size_unit":"px","ocean_menu_typo_font_weight":"","ocean_menu_typo_font_weight_tablet":"","ocean_menu_typo_font_weight_mobile":"","ocean_menu_typo_transform":"","ocean_menu_typo_transform_tablet":"","ocean_menu_typo_transform_mobile":"","ocean_menu_typo_line_height":0,"ocean_menu_typo_line_height_tablet":0,"ocean_menu_typo_line_height_mobile":0,"ocean_menu_typo_line_height_unit":"","ocean_menu_typo_spacing":0,"ocean_menu_typo_spacing_tablet":0,"ocean_menu_typo_spacing_mobile":0,"ocean_menu_typo_spacing_unit":"","ocean_menu_link_color":"","ocean_menu_link_color_hover":"","ocean_menu_link_color_active":"","ocean_menu_link_background":"","ocean_menu_link_hover_background":"","ocean_menu_link_active_background":"","ocean_menu_social_links_bg":"","ocean_menu_social_hover_links_bg":"","ocean_menu_social_links_color":"","ocean_menu_social_hover_links_color":"","ocean_disable_title":"default","ocean_disable_heading":"default","ocean_post_title":"","ocean_post_subheading":"","ocean_post_title_style":"","ocean_post_title_background_color":"","ocean_post_title_background":0,"ocean_post_title_bg_image_position":"","ocean_post_title_bg_image_attachment":"","ocean_post_title_bg_image_repeat":"","ocean_post_title_bg_image_size":"","ocean_post_title_height":0,"ocean_post_title_bg_overlay":0.5,"ocean_post_title_bg_overlay_color":"","ocean_disable_breadcrumbs":"default","ocean_breadcrumbs_color":"","ocean_breadcrumbs_separator_color":"","ocean_breadcrumbs_links_color":"","ocean_breadcrumbs_links_hover_color":"","ocean_display_footer_widgets":"default","ocean_display_footer_bottom":"default","ocean_custom_footer_template":"0","footnotes":""},"_links":{"self":[{"href":"https:\/\/www.rosenheimer-schwimmer.de\/index.php?rest_route=\/wp\/v2\/pages\/524"}],"collection":[{"href":"https:\/\/www.rosenheimer-schwimmer.de\/index.php?rest_route=\/wp\/v2\/pages"}],"about":[{"href":"https:\/\/www.rosenheimer-schwimmer.de\/index.php?rest_route=\/wp\/v2\/types\/page"}],"author":[{"embeddable":true,"href":"https:\/\/www.rosenheimer-schwimmer.de\/index.php?rest_route=\/wp\/v2\/users\/1"}],"replies":[{"embeddable":true,"href":"https:\/\/www.rosenheimer-schwimmer.de\/index.php?rest_route=%2Fwp%2Fv2%2Fcomments&post=524"}],"version-history":[{"count":5,"href":"https:\/\/www.rosenheimer-schwimmer.de\/index.php?rest_route=\/wp\/v2\/pages\/524\/revisions"}],"predecessor-version":[{"id":615,"href":"https:\/\/www.rosenheimer-schwimmer.de\/index.php?rest_route=\/wp\/v2\/pages\/524\/revisions\/615"}],"wp:attachment":[{"href":"https:\/\/www.rosenheimer-schwimmer.de\/index.php?rest_route=%2Fwp%2Fv2%2Fmedia&parent=524"}],"curies":[{"name":"wp","href":"https:\/\/api.w.org\/{rel}","templated":true}]}}